{"id":1105,"date":"2023-10-23T09:15:04","date_gmt":"2023-10-23T07:15:04","guid":{"rendered":"https:\/\/andy82.ch\/?page_id=1105"},"modified":"2023-11-20T10:22:03","modified_gmt":"2023-11-20T09:22:03","slug":"andy-baumgartner","status":"publish","type":"page","link":"https:\/\/andy82.ch\/?page_id=1105","title":{"rendered":"Andy Baumgartner"},"content":{"rendered":"\n<div class=\"wp-block-columns is-layout-flex wp-container-core-columns-is-layout-9d6595d7 wp-block-columns-is-layout-flex\">\n<div class=\"wp-block-column is-layout-flow wp-block-column-is-layout-flow\">\n<p>Als ehemaliger MXGP-Pilot und mehrfacher Schweizer Meister habe ich auf h\u00f6chstem Niveau Motocross-Rennen bestritten und mir einen Namen in der Branche gemacht. Durch meine jahrelange Teilnahme an renommierten Rennserien verf\u00fcge ich \u00fcber ein tiefgreifendes Verst\u00e4ndnis f\u00fcr den Sport.<\/p>\n\n\n\n<p>Nach meiner Karriere als MXGP-Pilot bin ich heute als Fahrlehrer f\u00fcr Auto und Motorrad t\u00e4tig. Meine Expertisen und mein Fachwissen erm\u00f6glichen es mir, angehende Fahrer aller Erfahrungsstufen zu unterrichten und ihnen die richtigen Fahrtechniken beizubringen. Meine p\u00e4dagogischen F\u00e4higkeiten und meine geduldige Art machen mich zu einem ausgezeichneten Lehrer.<\/p>\n<\/div>\n\n\n\n<div class=\"wp-block-column is-layout-flow wp-block-column-is-layout-flow\">\n<p>Dar\u00fcber hinaus bin ich MX-Trainer f\u00fcr das Nachwuchskader der Schweiz. Ich arbeite eng mit talentierten Motocross-Fahrern zusammen und helfe ihnen, ihre F\u00e4higkeiten zu verbessern und ihr Potenzial auszusch\u00f6pfen. Meine Kenntnisse zu den spezifischen Anforderungen des Sports und meine Coaching-F\u00e4higkeiten machen mich zu einer wichtigen Unterst\u00fctzung f\u00fcr die Entwicklung aufstrebender Athleten.<\/p>\n\n\n\n<p>Als Markenbotschafter f\u00fcr KTM, repr\u00e4sentiere ich das Unternehmen und verk\u00f6rpere die Werte und Leidenschaft des Sports. Mein Fachwissen und meine Begeisterung f\u00fcr Motocross machen mich zu einer inspirierenden Figur und einem Vorbild f\u00fcr viele in der Motorsport-Community.<\/p>\n<\/div>\n<\/div>\n","protected":false},"excerpt":{"rendered":"<p>Als ehemaliger MXGP-Pilot und mehrfacher Schweizer Meister habe ich auf h\u00f6chstem Niveau Motocross-Rennen bestritten und mir einen Namen in der Branche gemacht. Durch meine jahrelange Teilnahme an renommierten Rennserien verf\u00fcge ich \u00fcber ein tiefgreifendes Verst\u00e4ndnis f\u00fcr den Sport. Nach meiner<\/p>\n","protected":false},"author":4,"featured_media":0,"parent":0,"menu_order":0,"comment_status":"closed","ping_status":"closed","template":"","meta":{"footnotes":""},"class_list":["post-1105","page","type-page","status-publish","hentry","","tg-column-two"],"_links":{"self":[{"href":"https:\/\/andy82.ch\/index.php?rest_route=\/wp\/v2\/pages\/1105","targetHints":{"allow":["GET"]}}],"collection":[{"href":"https:\/\/andy82.ch\/index.php?rest_route=\/wp\/v2\/pages"}],"about":[{"href":"https:\/\/andy82.ch\/index.php?rest_route=\/wp\/v2\/types\/page"}],"author":[{"embeddable":true,"href":"https:\/\/andy82.ch\/index.php?rest_route=\/wp\/v2\/users\/4"}],"replies":[{"embeddable":true,"href":"https:\/\/andy82.ch\/index.php?rest_route=%2Fwp%2Fv2%2Fcomments&post=1105"}],"version-history":[{"count":3,"href":"https:\/\/andy82.ch\/index.php?rest_route=\/wp\/v2\/pages\/1105\/revisions"}],"predecessor-version":[{"id":1137,"href":"https:\/\/andy82.ch\/index.php?rest_route=\/wp\/v2\/pages\/1105\/revisions\/1137"}],"wp:attachment":[{"href":"https:\/\/andy82.ch\/index.php?rest_route=%2Fwp%2Fv2%2Fmedia&parent=1105"}],"curies":[{"name":"wp","href":"https:\/\/api.w.org\/{rel}","templated":true}]}}