{"id":1107,"date":"2023-10-23T09:14:48","date_gmt":"2023-10-23T07:14:48","guid":{"rendered":"https:\/\/andy82.ch\/?page_id=1107"},"modified":"2023-10-23T09:14:48","modified_gmt":"2023-10-23T07:14:48","slug":"katja-baumgartner","status":"publish","type":"page","link":"https:\/\/andy82.ch\/?page_id=1107","title":{"rendered":"Katja Baumgartner"},"content":{"rendered":"\n<div class=\"wp-block-columns is-layout-flex wp-container-core-columns-is-layout-9d6595d7 wp-block-columns-is-layout-flex\">\n<div class=\"wp-block-column is-layout-flow wp-block-column-is-layout-flow\">\n<p>Seit dem Abschluss meines Master Studium in Sportwissenschaft und Geographie in Bern bin ich als Oberstufenlehrperson t\u00e4tig. Begleitend zu meiner Arbeit habe ich an der P\u00e4dagogischen Hochschule in St. Gallen das Fach Medien und Informatik abgeschlossen.<\/p>\n\n\n\n<p>Jahrelang fuhr ich in den Top Ten der Schweizer Meisterschaft der Frauen im Motocross. Seit der Geburt unserer Tochter stehe ich nicht mehr aktiv bei Rennen am Start. Jedoch gebe ich mein Wissen an die Jungs und M\u00e4dels im Schweizer Motocross Nachwuchskader weiter. Dort bin ich zust\u00e4ndig f\u00fcr die wissenschaftlichen Arbeiten, die Physis unserer AthletInnen sowie die Organisation der Trainer.<\/p>\n<\/div>\n\n\n\n<div class=\"wp-block-column is-layout-flow wp-block-column-is-layout-flow\">\n<p>Neben meiner T\u00e4tigkeit an der Schule und im Motocrosssport bin ich f\u00fcr die Herstellung des Unterrichtsmaterials in der Fahrschule zust\u00e4ndig. So k\u00f6nnen die Fahrsch\u00fclerinnen und Fahrsch\u00fcler zielorientiert sowohl in den Fahrstunden als auch zu Hause \u00fcben. Ich freue mich dabei meinen Mann tatkr\u00e4ftig unterst\u00fctzen zu k\u00f6nnen und die Kundinnen und Kunden im administrativen Bereich zu begleiten.<\/p>\n<\/div>\n<\/div>\n","protected":false},"excerpt":{"rendered":"<p>Seit dem Abschluss meines Master Studium in Sportwissenschaft und Geographie in Bern bin ich als Oberstufenlehrperson t\u00e4tig. Begleitend zu meiner Arbeit habe ich an der P\u00e4dagogischen Hochschule in St. Gallen das Fach Medien und Informatik abgeschlossen. Jahrelang fuhr ich in<\/p>\n","protected":false},"author":4,"featured_media":0,"parent":0,"menu_order":0,"comment_status":"closed","ping_status":"closed","template":"","meta":{"footnotes":""},"class_list":["post-1107","page","type-page","status-publish","hentry","","tg-column-two"],"_links":{"self":[{"href":"https:\/\/andy82.ch\/index.php?rest_route=\/wp\/v2\/pages\/1107","targetHints":{"allow":["GET"]}}],"collection":[{"href":"https:\/\/andy82.ch\/index.php?rest_route=\/wp\/v2\/pages"}],"about":[{"href":"https:\/\/andy82.ch\/index.php?rest_route=\/wp\/v2\/types\/page"}],"author":[{"embeddable":true,"href":"https:\/\/andy82.ch\/index.php?rest_route=\/wp\/v2\/users\/4"}],"replies":[{"embeddable":true,"href":"https:\/\/andy82.ch\/index.php?rest_route=%2Fwp%2Fv2%2Fcomments&post=1107"}],"version-history":[{"count":2,"href":"https:\/\/andy82.ch\/index.php?rest_route=\/wp\/v2\/pages\/1107\/revisions"}],"predecessor-version":[{"id":1109,"href":"https:\/\/andy82.ch\/index.php?rest_route=\/wp\/v2\/pages\/1107\/revisions\/1109"}],"wp:attachment":[{"href":"https:\/\/andy82.ch\/index.php?rest_route=%2Fwp%2Fv2%2Fmedia&parent=1107"}],"curies":[{"name":"wp","href":"https:\/\/api.w.org\/{rel}","templated":true}]}}