{"id":3,"date":"2023-04-03T11:49:44","date_gmt":"2023-04-03T09:49:44","guid":{"rendered":"http:\/\/andy82.ch\/?page_id=3"},"modified":"2026-01-19T10:44:33","modified_gmt":"2026-01-19T09:44:33","slug":"datenschutzerklaerung","status":"publish","type":"page","link":"https:\/\/andy82.ch\/?page_id=3","title":{"rendered":"Datenschutzerkl\u00e4rung"},"content":{"rendered":"\n<p><strong>1. Allgemeines<\/strong><br>Das Andy Baumgartner Fahrschulcenter, Burggasse&nbsp; 2a, 9450 L\u00fcchingen, nachfolgend Fahrschulcenter genannt, ist Betreiberin der Website www.andy82.ch und Erbringerin der Dienste, die auf dieser Website angeboten werden.<\/p>\n\n\n\n<p><strong>2. Erhebung, Verarbeitung, Nutzung Ihrer Daten<\/strong><br>Das Fahrschulcenter sammelt notwendige Daten der Kunden zur Erbringung der Dienstleistungen.<br>Dies sind insbesondere Name, Adresse, Geburtsdatum, E-Mail-Adresse, Telefonnummer und Kontaktdaten der Kunden und Kontaktpersonen. Diese Daten werden ausschliesslich f\u00fcr interne Zwecke verwendet. Sie werden nicht automatisiert ausgewertet und nicht weitergegeben. Sie werden von der Webseite nicht gespeichert und sind nicht online zug\u00e4nglich.<br>Die genutzten IT-Services werden von Dritten in der Schweiz betrieben, gewartet und \u00fcberwacht. Daf\u00fcr gelten die Datenschutzregeln dieser Firmen. Einige Angaben \u00fcber Ihre Computerhardware und Software werden automatisch vom Fahrschulcenter gesammelt, dazu geh\u00f6ren Ihre IP-Adresse, der Typ Ihres Browsers, Ihr Domain-Name, die Uhrzeit, die Zugriffszeit und aufgerufenen Seiten. Diese Informationen werden vom Fahrschulcenter benutzt, um die Servicequalit\u00e4t zu halten und um allgemeine Statistiken bez\u00fcglich der Website des Fahrschulcenters zu erstellen.<br>Personenbezogene Daten werden in diesem Zusammenhang nicht verwertet.<\/p>\n\n\n\n<p><strong>3. Sicherheit der Kundendaten<\/strong><br>Das Fahrschulcenter sch\u00fctzt die Personendaten durch geeignete Sicherheitsmassnahmen und auf gesicherten Servern. Die Website wird durch angemessene technische und organisatorische Massnahmen gegen Verlust, Zerst\u00f6rung und Manipulation sowie gegen Zugriff, Ver\u00e4nderungen und Verbreitung durch unbefugte Personen gesichert. Besonders sch\u00fctzenswerte Daten werden bei der \u00dcbertragung durch das Internet verschl\u00fcsselt (SSL; bzw. sind nicht via Internet verf\u00fcgbar).<\/p>\n\n\n\n<p><strong>4. Aufbewahrungsdauer<\/strong><br>Die Aufbewahrungsdauer richtet sich nach dem Verwendungszweck. Daten werden nur so lange aufbewahrt, wie dies gesch\u00e4ftlich n\u00f6tig und verh\u00e4ltnism\u00e4ssig ist. Keine L\u00f6schung erfolgt bei Daten, die wir aufgrund von gesetzlichen Vorgaben f\u00fcr eine bestimmte Dauer aufbewahren m\u00fcssen (z.B. Dokumentation- und Aufbewahrungspflicht zur ordnungsgem\u00e4ssen Buchf\u00fchrung aus rechtlichen oder steuerlichen Gr\u00fcnden).<\/p>\n\n\n\n<p><strong>5. Verwendung von Cookies<\/strong><br>Wir verzichten zurzeit auf den Einsatz von Cookies auf www.andy82.ch.<\/p>\n\n\n\n<p><strong>6. Server-Log-Dateien<\/strong><br>Wie bei jeder Verbindung mit einem Webserver protokolliert und speichert der Server unseres Webhosting-Anbieters Hostpoint AG, Schweiz, bestimmte technische Daten. Zu diesen Daten geh\u00f6ren die IP-Adresse und das Betriebssystem Ihres Ger\u00e4ts, die Daten, die Zugriffszeit, die Art des Browsers sowie die Browser-Anfrage inklusive der Herkunft der Anfrage. Dies ist aus technischen Gr\u00fcnden erforderlich, um Ihnen unsere Website zur Verf\u00fcgung zu stellen. Der Webhosting-Anbieter sch\u00fctzt diese Daten mit technischen und organisatorischen Massnahmen vor unerlaubten Zugriffen und gibt sie nicht an Dritte weiter.<\/p>\n\n\n\n<p><strong>7. Ihre Rechte<\/strong><br>Ihnen steht grunds\u00e4tzlich das Recht auf Auskunft, Berichtigung, L\u00f6schung, Einschr\u00e4nkung, Widerruf und Widerspruch zu. Wenn Sie glauben, dass die Verarbeitung Ihrer Daten gegen das Datenschutzrecht verst\u00f6sst, k\u00f6nnen Sie sich bei der Aufsichtsbeh\u00f6rde beschweren. Sie erreichen uns unter folgenden Kontaktdaten:<br>Andy Baumgartner<br>Fahrschulcenter<br>Burggasse 2a<br>9450 L\u00fcchingen<\/p>\n\n\n\n<p><strong>8. \u00c4nderungen dieser Erkl\u00e4rung<\/strong><br>Das Fahrschulcenter beh\u00e4lt sich das Recht vor, diese Erkl\u00e4rung bei Bedarf zu aktualisieren, um sie an rechtliche und gesellschaftliche Ver\u00e4nderungen anzupassen.<\/p>\n\n\n\n<p>L\u00fcchingen, 19.01.2026<\/p>\n\n\n\n<p><\/p>\n","protected":false},"excerpt":{"rendered":"<p>1. AllgemeinesDas Andy Baumgartner Fahrschulcenter, Burggasse&nbsp; 2a, 9450 L\u00fcchingen, nachfolgend Fahrschulcenter genannt, ist Betreiberin der Website www.andy82.ch und Erbringerin der Dienste, die auf dieser Website angeboten werden. 2. Erhebung, Verarbeitung, Nutzung Ihrer DatenDas Fahrschulcenter sammelt notwendige Daten der Kunden zur<\/p>\n","protected":false},"author":4,"featured_media":0,"parent":0,"menu_order":0,"comment_status":"closed","ping_status":"closed","template":"","meta":{"footnotes":""},"class_list":["post-3","page","type-page","status-publish","hentry","","tg-column-two"],"_links":{"self":[{"href":"https:\/\/andy82.ch\/index.php?rest_route=\/wp\/v2\/pages\/3","targetHints":{"allow":["GET"]}}],"collection":[{"href":"https:\/\/andy82.ch\/index.php?rest_route=\/wp\/v2\/pages"}],"about":[{"href":"https:\/\/andy82.ch\/index.php?rest_route=\/wp\/v2\/types\/page"}],"author":[{"embeddable":true,"href":"https:\/\/andy82.ch\/index.php?rest_route=\/wp\/v2\/users\/4"}],"replies":[{"embeddable":true,"href":"https:\/\/andy82.ch\/index.php?rest_route=%2Fwp%2Fv2%2Fcomments&post=3"}],"version-history":[{"count":9,"href":"https:\/\/andy82.ch\/index.php?rest_route=\/wp\/v2\/pages\/3\/revisions"}],"predecessor-version":[{"id":1372,"href":"https:\/\/andy82.ch\/index.php?rest_route=\/wp\/v2\/pages\/3\/revisions\/1372"}],"wp:attachment":[{"href":"https:\/\/andy82.ch\/index.php?rest_route=%2Fwp%2Fv2%2Fmedia&parent=3"}],"curies":[{"name":"wp","href":"https:\/\/api.w.org\/{rel}","templated":true}]}}