{"id":85,"date":"2023-04-03T21:42:41","date_gmt":"2023-04-03T19:42:41","guid":{"rendered":"http:\/\/andy82.ch\/?page_id=85"},"modified":"2026-01-19T15:07:32","modified_gmt":"2026-01-19T14:07:32","slug":"autofahrschule","status":"publish","type":"page","link":"https:\/\/andy82.ch\/?page_id=85","title":{"rendered":"Autofahrschule"},"content":{"rendered":"\n<div class=\"wp-block-columns is-layout-flex wp-container-core-columns-is-layout-9d6595d7 wp-block-columns-is-layout-flex\">\n<div class=\"wp-block-column is-layout-flow wp-block-column-is-layout-flow\">\n<div class=\"wp-block-columns alignwide is-layout-flex wp-container-core-columns-is-layout-829b1d53 wp-block-columns-is-layout-flex\" style=\"margin-bottom:0\">\n<div class=\"wp-block-column has-text-color has-background has-link-color wp-elements-425afcbe9c4feb6e366b042a2735af66 is-layout-flow wp-block-column-is-layout-flow\" style=\"color:#000000;background:linear-gradient(45deg,rgb(202,248,128) 57%,rgb(113,206,126) 100%);padding-top:2em;padding-right:2em;padding-bottom:2em;padding-left:2em\">\n<h1 class=\"wp-block-heading has-black-color has-text-color\" id=\"single\" style=\"font-size:30px\"><strong>VKU<\/strong><\/h1>\n\n\n\n<p>Bereite dich optimal auf deine Fahrpr\u00fcfung vor!<\/p>\n\n\n\n<p>Unser Verkehrskundeunterricht in L\u00fcchingen SG vermittelt dir alle wichtigen Verkehrsregeln und -sicherheit in nur 4&#215;2 Stunden.<\/p>\n\n\n\n<p>Melde dich jetzt an!<\/p>\n\n\n\n<div class=\"wp-block-group alignfull\"><div class=\"wp-block-group__inner-container is-layout-constrained wp-block-group-is-layout-constrained\">\n<div class=\"wp-block-buttons is-horizontal is-content-justification-left is-layout-flex wp-container-core-buttons-is-layout-6b295165 wp-block-buttons-is-layout-flex\">\n<div class=\"wp-block-button has-custom-width wp-block-button__width-100 is-style-fill\"><a class=\"wp-block-button__link has-white-color has-text-color has-background has-text-align-left no-border-radius has-custom-font-size wp-element-button\" href=\"https:\/\/andy82.ch\/?page_id=1309\" style=\"background-color:#000000;font-size:12px\">Total 8 Stunden = Fr. 250<\/a><\/div>\n<\/div>\n<\/div><\/div>\n<\/div>\n\n\n\n<div class=\"wp-block-column has-text-color has-background has-link-color wp-elements-09181a31a706af2f86efc862fb1a6ab1 is-layout-flow wp-block-column-is-layout-flow\" style=\"color:#000000;background:linear-gradient(45deg,rgb(128,221,255) 52%,rgb(83,114,224) 100%);padding-top:2em;padding-right:2em;padding-bottom:2em;padding-left:2em\">\n<h1 class=\"wp-block-heading has-black-color has-text-color\" id=\"family\" style=\"font-size:30px\"><strong>Autofahrstunden<\/strong><\/h1>\n\n\n\n<p>M\u00f6chtest du das Autofahren oder das Fahren mit einem Auto-Anh\u00e4nger erlernen? Ich biete dir Fahrunterricht f\u00fcr Fahrzeuge mit Automat und mit Handschaltung an.<\/p>\n\n\n\n<p>Egal, ob du Anf\u00e4nger bist oder bereits erste Erfahrungen hast, ich passe den Unterricht individuell auf dich an. 1 Lektion = 50 Minuten.<\/p>\n\n\n\n<p>Melde dich jetzt an!<\/p>\n\n\n\n<div class=\"wp-block-buttons alignfull is-horizontal is-content-justification-center is-layout-flex wp-container-core-buttons-is-layout-499968f5 wp-block-buttons-is-layout-flex\">\n<div class=\"wp-block-button has-custom-width wp-block-button__width-100 is-style-fill\"><a class=\"wp-block-button__link has-white-color has-text-color has-background has-text-align-left no-border-radius has-custom-font-size wp-element-button\" href=\"https:\/\/andy82.ch\/?page_id=934&amp;select-580=Autofahrstunden \/ Anh\u00e4nger \/ Wohnmobil\" style=\"background-color:#000000;font-size:12px\">Einzellektion = Fr. 105  <br>10er Abo =  Fr. 100<\/a><\/div>\n\n\n\n<div class=\"wp-block-button has-custom-width wp-block-button__width-100 is-style-fill\"><a class=\"wp-block-button__link has-white-color has-text-color has-background has-text-align-left no-border-radius has-custom-font-size wp-element-button\" href=\"https:\/\/andy82.ch\/?page_id=934&amp;select-580=Autofahrstunden \/ Anh\u00e4nger \/ Wohnmobil\" style=\"background-color:#000000;font-size:12px\">Anh\u00e4nger Einzellektion = Fr. 150<br>eigenes Fahrzeug + Anh\u00e4nger = Fr. 100<\/a><\/div>\n\n\n\n<div class=\"wp-block-button has-custom-width wp-block-button__width-100 is-style-fill\"><a class=\"wp-block-button__link has-white-color has-text-color has-background has-text-align-left no-border-radius has-custom-font-size wp-element-button\" href=\"https:\/\/andy82.ch\/?page_id=934&amp;select-580=Autofahrstunden \/ Anh\u00e4nger \/ Wohnmobil\" style=\"background-color:#000000;font-size:12px\">Wohnmobil Einzellektion = Fr. 150<\/a><\/div>\n<\/div>\n<\/div>\n\n\n\n<div class=\"wp-block-column has-black-color has-text-color has-background has-link-color wp-elements-1e431d4cb7da18aa650ba31730b09a46 is-layout-flow wp-block-column-is-layout-flow\" style=\"background:linear-gradient(45deg,rgb(255,209,0) 44%,rgb(207,46,46) 100%);padding-top:2em;padding-right:2em;padding-bottom:2em;padding-left:2em\">\n<h1 class=\"wp-block-heading has-black-color has-text-color\" id=\"patron\" style=\"font-size:30px\"><strong>Senior Drive<\/strong><\/h1>\n\n\n\n<p>M\u00f6chtest du als Senior sicher am Strassenverkehr teilnehmen?<\/p>\n\n\n\n<p>Bei unserer Kontrollfahrt mit deinem eigenen Fahrzeug nehmen wir uns Zeit, auf deine individuellen Bed\u00fcrfnisse einzugehen. Auf Unsicherheiten reagiere ich einf\u00fchlsam und helfe dir, diese zu \u00fcberwinden. Unser Ziel ist, dass du mit Freude und Selbstvertrauen unterwegs bist.<\/p>\n\n\n\n<p>Melde dich jetzt an!<\/p>\n\n\n\n<div class=\"wp-block-buttons alignfull is-horizontal is-content-justification-center is-layout-flex wp-container-core-buttons-is-layout-499968f5 wp-block-buttons-is-layout-flex\">\n<div class=\"wp-block-button has-custom-width wp-block-button__width-100\"><a class=\"wp-block-button__link has-white-color has-text-color has-background has-text-align-left no-border-radius has-custom-font-size wp-element-button\" href=\"https:\/\/andy82.ch\/?page_id=934&amp;select-580=Senior Drive\" style=\"background-color:#000000;font-size:12px\">Einzellektion = Fr. 80<\/a><\/div>\n<\/div>\n<\/div>\n<\/div>\n<\/div>\n<\/div>\n\n\n\n<p><\/p>\n","protected":false},"excerpt":{"rendered":"<p>VKU Bereite dich optimal auf deine Fahrpr\u00fcfung vor! Unser Verkehrskundeunterricht in L\u00fcchingen SG vermittelt dir alle wichtigen Verkehrsregeln und -sicherheit in nur 4&#215;2 Stunden. Melde dich jetzt an! Autofahrstunden M\u00f6chtest du das Autofahren oder das Fahren mit einem Auto-Anh\u00e4nger erlernen?<\/p>\n","protected":false},"author":4,"featured_media":0,"parent":0,"menu_order":0,"comment_status":"closed","ping_status":"closed","template":"","meta":{"footnotes":""},"class_list":["post-85","page","type-page","status-publish","hentry","","tg-column-two"],"_links":{"self":[{"href":"https:\/\/andy82.ch\/index.php?rest_route=\/wp\/v2\/pages\/85","targetHints":{"allow":["GET"]}}],"collection":[{"href":"https:\/\/andy82.ch\/index.php?rest_route=\/wp\/v2\/pages"}],"about":[{"href":"https:\/\/andy82.ch\/index.php?rest_route=\/wp\/v2\/types\/page"}],"author":[{"embeddable":true,"href":"https:\/\/andy82.ch\/index.php?rest_route=\/wp\/v2\/users\/4"}],"replies":[{"embeddable":true,"href":"https:\/\/andy82.ch\/index.php?rest_route=%2Fwp%2Fv2%2Fcomments&post=85"}],"version-history":[{"count":65,"href":"https:\/\/andy82.ch\/index.php?rest_route=\/wp\/v2\/pages\/85\/revisions"}],"predecessor-version":[{"id":1375,"href":"https:\/\/andy82.ch\/index.php?rest_route=\/wp\/v2\/pages\/85\/revisions\/1375"}],"wp:attachment":[{"href":"https:\/\/andy82.ch\/index.php?rest_route=%2Fwp%2Fv2%2Fmedia&parent=85"}],"curies":[{"name":"wp","href":"https:\/\/api.w.org\/{rel}","templated":true}]}}