{"id":86,"date":"2023-04-03T21:42:41","date_gmt":"2023-04-03T19:42:41","guid":{"rendered":"http:\/\/andy82.ch\/?page_id=86"},"modified":"2026-01-19T10:26:14","modified_gmt":"2026-01-19T09:26:14","slug":"motorradfahrschule","status":"publish","type":"page","link":"https:\/\/andy82.ch\/?page_id=86","title":{"rendered":"Motorradfahrschule"},"content":{"rendered":"\n<div class=\"wp-block-columns is-layout-flex wp-container-core-columns-is-layout-9d6595d7 wp-block-columns-is-layout-flex\">\n<div class=\"wp-block-column is-layout-flow wp-block-column-is-layout-flow\">\n<div class=\"wp-block-columns alignwide is-layout-flex wp-container-core-columns-is-layout-829b1d53 wp-block-columns-is-layout-flex\" style=\"margin-bottom:0\">\n<div class=\"wp-block-column has-text-color has-background has-link-color wp-elements-615f4e7e1d90a2da4f44e26ed1464bcd is-layout-flow wp-block-column-is-layout-flow\" style=\"color:#000000;background:linear-gradient(45deg,rgb(202,248,128) 57%,rgb(113,206,126) 100%);padding-top:2em;padding-right:2em;padding-bottom:2em;padding-left:2em\">\n<h1 class=\"wp-block-heading has-black-color has-text-color\" id=\"single\" style=\"font-size:24px\"><strong>Motorradgrundkurs<\/strong><\/h1>\n\n\n\n<p>Unser Grundkurs bietet dir die perfekte Gelegenheit, deine Fahrk\u00fcnste auf zwei R\u00e4dern zu entwickeln und umfasst 12 Stunden. <\/p>\n\n\n\n<p>Du lernst Fahrzeugkontrolle, Fahrtechniken und Verkehrsregeln.<\/p>\n\n\n\n<p>Wir setzen voraus, dass du bereits selbstst\u00e4ndig zur Fahrschule fahren kannst. Wenn nicht, empfehlen wir unseren &#171;Ersten Fahrversuch&#187;. <\/p>\n\n\n\n<p>Melde dich jetzt an!<\/p>\n\n\n\n<div class=\"wp-block-group alignfull\"><div class=\"wp-block-group__inner-container is-layout-constrained wp-block-group-is-layout-constrained\">\n<div class=\"wp-block-buttons is-horizontal is-content-justification-left is-layout-flex wp-container-core-buttons-is-layout-6b295165 wp-block-buttons-is-layout-flex\">\n<div class=\"wp-block-button has-custom-width wp-block-button__width-100 is-style-fill\"><a class=\"wp-block-button__link has-white-color has-text-color has-background has-text-align-left no-border-radius has-custom-font-size wp-element-button\" href=\"https:\/\/andy82.ch\/?page_id=1309\" style=\"background-color:#000000;font-size:14px\">Total 12 Stunden = Fr. 600<\/a><\/div>\n\n\n\n<div class=\"wp-block-button has-custom-width wp-block-button__width-100 is-style-fill\"><a class=\"wp-block-button__link has-white-color has-text-color has-background has-text-align-left no-border-radius has-custom-font-size wp-element-button\" href=\"https:\/\/andy82.ch\/?page_id=1309\" style=\"background-color:#000000;font-size:14px\" target=\"_blank\" rel=\"noreferrer noopener\">VKU-Kurse<\/a><\/div>\n<\/div>\n<\/div><\/div>\n<\/div>\n\n\n\n<div class=\"wp-block-column has-text-color has-background has-link-color wp-elements-f9609c4288ff404b3a013e101500a45f is-layout-flow wp-block-column-is-layout-flow\" style=\"color:#000000;background:linear-gradient(45deg,rgb(128,221,255) 52%,rgb(83,114,224) 100%);padding-top:2em;padding-right:2em;padding-bottom:2em;padding-left:2em\">\n<h1 class=\"wp-block-heading has-black-color has-text-color\" id=\"family\" style=\"font-size:24px\"><strong>Motorradfahrstunden<\/strong><\/h1>\n\n\n\n<p>Willst du das Motorrad- oder Rollerfahren erlernen? Dann bist du bei mir genau richtig! Lerne vom mehrfachen Motocross Schweizermeister Andy Baumgartner pers\u00f6nlich. Ich begleite dich Schritt f\u00fcr Schritt und teile mein Wissen und meine Erfahrung mit dir f\u00fcr das Erlernen der besten Fahrtechniken. Meinen Unterricht passe ich individuell an dein K\u00f6nnen an.<\/p>\n\n\n\n<p>Melde dich jetzt an!<\/p>\n\n\n\n<div class=\"wp-block-buttons alignfull is-horizontal is-content-justification-center is-layout-flex wp-container-core-buttons-is-layout-499968f5 wp-block-buttons-is-layout-flex\">\n<div class=\"wp-block-button has-custom-width wp-block-button__width-100 is-style-fill\"><a class=\"wp-block-button__link has-white-color has-text-color has-background has-text-align-left no-border-radius has-custom-font-size wp-element-button\" href=\"https:\/\/andy82.ch\/?page_id=934&amp;select-580=Motorradfahrstunden\" style=\"background-color:#000000;font-size:14px\" target=\"_blank\" rel=\"noreferrer noopener\">Einzellektion = Fr. 100<\/a><\/div>\n<\/div>\n<\/div>\n\n\n\n<div class=\"wp-block-column has-black-color has-text-color has-background has-link-color wp-elements-1d1a9a7f1160c81c49d57aad9f68a4ee is-layout-flow wp-block-column-is-layout-flow\" style=\"background:linear-gradient(45deg,rgb(255,209,0) 44%,rgb(207,46,46) 100%);padding-top:2em;padding-right:2em;padding-bottom:2em;padding-left:2em\">\n<h1 class=\"wp-block-heading has-black-color has-text-color\" id=\"patron\" style=\"font-size:24px\"><strong>Erster Fahrversuch<\/strong><\/h1>\n\n\n\n<p>In diesem Kurs begleite ich dich bei deiner ersten Fahrt zum Motorradgrundkurs.<\/p>\n\n\n\n<p>Melde dich jetzt an!<\/p>\n\n\n\n<div class=\"wp-block-buttons alignfull is-horizontal is-content-justification-center is-layout-flex wp-container-core-buttons-is-layout-499968f5 wp-block-buttons-is-layout-flex\">\n<div class=\"wp-block-button has-custom-width wp-block-button__width-100\"><a class=\"wp-block-button__link has-white-color has-text-color has-background has-text-align-left no-border-radius has-custom-font-size wp-element-button\" href=\"https:\/\/andy82.ch\/?page_id=934&amp;select-580=Erster Fahrversuch\" style=\"background-color:#000000;font-size:14px\" target=\"_blank\" rel=\"noreferrer noopener\">Einzellektion = Fr. 100<\/a><\/div>\n<\/div>\n<\/div>\n<\/div>\n<\/div>\n<\/div>\n\n\n\n<p><\/p>\n\n\n\n<div class=\"wp-block-columns is-layout-flex wp-container-core-columns-is-layout-9d6595d7 wp-block-columns-is-layout-flex\">\n<div class=\"wp-block-column is-layout-flow wp-block-column-is-layout-flow\">\n<h2 class=\"wp-block-heading alignwide\" style=\"margin-bottom:0\"><strong>Motorradmiete<\/strong><\/h2>\n\n\n\n<div class=\"wp-block-columns is-layout-flex wp-container-core-columns-is-layout-9d6595d7 wp-block-columns-is-layout-flex\">\n<div class=\"wp-block-column has-text-color has-background has-link-color wp-elements-09b15f8ee9d448f5711caa249f17c3ff is-layout-flow wp-block-column-is-layout-flow\" style=\"color:#000000;background:linear-gradient(209deg,rgb(61,9,9) 0%,rgb(215,19,19) 100%);padding-top:2em;padding-right:2em;padding-bottom:2em;padding-left:2em\">\n<h2 class=\"wp-block-heading has-black-color has-text-color\" style=\"font-size:20px\"><strong>KTM Duke 990ccm<\/strong><\/h2>\n\n\n<div class=\"wp-block-image\">\n<figure class=\"aligncenter size-full is-resized\"><img loading=\"lazy\" decoding=\"async\" width=\"711\" height=\"533\" src=\"https:\/\/andy82.ch\/wp-content\/uploads\/2025\/04\/zoom-ktm-990-duke-1-edited.png\" alt=\"\" class=\"wp-image-1260\" style=\"width:380px\" srcset=\"https:\/\/andy82.ch\/wp-content\/uploads\/2025\/04\/zoom-ktm-990-duke-1-edited.png 711w, https:\/\/andy82.ch\/wp-content\/uploads\/2025\/04\/zoom-ktm-990-duke-1-edited-300x225.png 300w\" sizes=\"auto, (max-width: 711px) 100vw, 711px\" \/><\/figure>\n<\/div>\n\n\n<div class=\"wp-block-buttons is-content-justification-center is-layout-flex wp-container-core-buttons-is-layout-16018d1d wp-block-buttons-is-layout-flex\">\n<div class=\"wp-block-button is-style-fill\"><a class=\"wp-block-button__link has-white-color has-text-color has-background has-custom-font-size wp-element-button\" href=\"https:\/\/andy82.ch\/?page_id=1276\" style=\"border-radius:15px;background-color:#000000;font-size:14px\">Details<\/a><\/div>\n<\/div>\n<\/div>\n\n\n\n<div class=\"wp-block-column has-text-color has-background has-link-color wp-elements-5130a21b2de4477329dd203ada8c2476 is-layout-flow wp-block-column-is-layout-flow\" style=\"color:#000000;background:linear-gradient(45deg,rgb(221,13,13) 57%,rgb(125,39,39) 100%);padding-top:2em;padding-right:2em;padding-bottom:2em;padding-left:2em\">\n<h2 class=\"wp-block-heading has-black-color has-text-color\" style=\"font-size:20px\"><strong>KTM Duke 390 ccm<\/strong><\/h2>\n\n\n<div class=\"wp-block-image\">\n<figure class=\"aligncenter size-full is-resized\"><img loading=\"lazy\" decoding=\"async\" width=\"751\" height=\"563\" src=\"https:\/\/andy82.ch\/wp-content\/uploads\/2025\/04\/Ktm-Duke-390-1-edited.jpg\" alt=\"\" class=\"wp-image-1259\" style=\"aspect-ratio:1.3333333333333333;object-fit:contain;width:380px\" srcset=\"https:\/\/andy82.ch\/wp-content\/uploads\/2025\/04\/Ktm-Duke-390-1-edited.jpg 751w, https:\/\/andy82.ch\/wp-content\/uploads\/2025\/04\/Ktm-Duke-390-1-edited-300x225.jpg 300w\" sizes=\"auto, (max-width: 751px) 100vw, 751px\" \/><\/figure>\n<\/div>\n\n\n<div class=\"wp-block-buttons is-content-justification-center is-layout-flex wp-container-core-buttons-is-layout-16018d1d wp-block-buttons-is-layout-flex\">\n<div class=\"wp-block-button is-style-fill\"><a class=\"wp-block-button__link has-white-color has-text-color has-background has-custom-font-size wp-element-button\" href=\"https:\/\/andy82.ch\/?page_id=1279\" style=\"border-radius:15px;background-color:#000000;font-size:14px\">Details<\/a><\/div>\n<\/div>\n<\/div>\n<\/div>\n<\/div>\n<\/div>\n\n\n\n<div class=\"wp-block-columns is-layout-flex wp-container-core-columns-is-layout-9d6595d7 wp-block-columns-is-layout-flex\">\n<div class=\"wp-block-column is-layout-flow wp-block-column-is-layout-flow\"><\/div>\n\n\n\n<div class=\"wp-block-column is-layout-flow wp-block-column-is-layout-flow\"><\/div>\n<\/div>\n\n\n\n<p><\/p>\n","protected":false},"excerpt":{"rendered":"<p>Motorradgrundkurs Unser Grundkurs bietet dir die perfekte Gelegenheit, deine Fahrk\u00fcnste auf zwei R\u00e4dern zu entwickeln und umfasst 12 Stunden. Du lernst Fahrzeugkontrolle, Fahrtechniken und Verkehrsregeln. Wir setzen voraus, dass du bereits selbstst\u00e4ndig zur Fahrschule fahren kannst. Wenn nicht, empfehlen wir<\/p>\n","protected":false},"author":4,"featured_media":0,"parent":0,"menu_order":0,"comment_status":"closed","ping_status":"closed","template":"","meta":{"footnotes":""},"class_list":["post-86","page","type-page","status-publish","hentry","","tg-column-two"],"_links":{"self":[{"href":"https:\/\/andy82.ch\/index.php?rest_route=\/wp\/v2\/pages\/86","targetHints":{"allow":["GET"]}}],"collection":[{"href":"https:\/\/andy82.ch\/index.php?rest_route=\/wp\/v2\/pages"}],"about":[{"href":"https:\/\/andy82.ch\/index.php?rest_route=\/wp\/v2\/types\/page"}],"author":[{"embeddable":true,"href":"https:\/\/andy82.ch\/index.php?rest_route=\/wp\/v2\/users\/4"}],"replies":[{"embeddable":true,"href":"https:\/\/andy82.ch\/index.php?rest_route=%2Fwp%2Fv2%2Fcomments&post=86"}],"version-history":[{"count":32,"href":"https:\/\/andy82.ch\/index.php?rest_route=\/wp\/v2\/pages\/86\/revisions"}],"predecessor-version":[{"id":1362,"href":"https:\/\/andy82.ch\/index.php?rest_route=\/wp\/v2\/pages\/86\/revisions\/1362"}],"wp:attachment":[{"href":"https:\/\/andy82.ch\/index.php?rest_route=%2Fwp%2Fv2%2Fmedia&parent=86"}],"curies":[{"name":"wp","href":"https:\/\/api.w.org\/{rel}","templated":true}]}}