{"id":972,"date":"2023-09-19T17:02:45","date_gmt":"2023-09-19T15:02:45","guid":{"rendered":"http:\/\/andy82.ch\/?page_id=972"},"modified":"2024-02-21T20:10:34","modified_gmt":"2024-02-21T19:10:34","slug":"impressum","status":"publish","type":"page","link":"https:\/\/andy82.ch\/?page_id=972","title":{"rendered":"Impressum"},"content":{"rendered":"\n<p>Andy Baumgartner<br>Fahrschulcenter<br>Burggasse 2a<br>9450 L\u00fcchingen<br>Website: www.andy82.ch<br>Mobile: <a href=\"tel:+41795770738\">+41 (0)79 577 07 38<\/a><br>Mail: <a href=\"mailto:info@andy82.ch\">info@andy82.ch<\/a><\/p>\n\n\n\n<p><strong>Copyrights<\/strong><br>Artikel und Bilder sind urheberrechtlich gesch\u00fctzt. <br>Die Verwendung, auch auszugsweise oder in Ausschnitten, sind nur mit schriftlicher Genehmigung des Webseitenbetreibers gestattet.<\/p>\n\n\n\n<p><strong>Haftungshinweis<\/strong><br>Trotz sorgf\u00e4ltiger inhaltlicher Kontrolle \u00fcbernimmt der Webseiten Betreiber keine Haftung f\u00fcr die Inhalte der externen Links.<\/p>\n\n\n\n<p><strong>\u00c4nderungen<\/strong><br>Wir behalten uns vor, unsere Webseite jederzeit zu \u00e4ndern.<\/p>\n\n\n\n<p><strong>Webseitenbetreiber<\/strong><br>Andy Baumgartner<br>Fahrschulcenter<br>Burggasse 2a<br>9450 L\u00fcchingen<\/p>\n\n\n\n<p>\u00a9 2024 &#8211; powered by <a href=\"https:\/\/gschwend-informatik.ch\">Gschwend Informatik<\/a><\/p>\n","protected":false},"excerpt":{"rendered":"<p>Andy BaumgartnerFahrschulcenterBurggasse 2a9450 L\u00fcchingenWebsite: www.andy82.chMobile: +41 (0)79 577 07 38Mail: info@andy82.ch CopyrightsArtikel und Bilder sind urheberrechtlich gesch\u00fctzt. Die Verwendung, auch auszugsweise oder in Ausschnitten, sind nur mit schriftlicher Genehmigung des Webseitenbetreibers gestattet. HaftungshinweisTrotz sorgf\u00e4ltiger inhaltlicher Kontrolle \u00fcbernimmt der Webseiten Betreiber<\/p>\n","protected":false},"author":4,"featured_media":0,"parent":0,"menu_order":0,"comment_status":"closed","ping_status":"closed","template":"","meta":{"footnotes":""},"class_list":["post-972","page","type-page","status-publish","hentry","","tg-column-two"],"_links":{"self":[{"href":"https:\/\/andy82.ch\/index.php?rest_route=\/wp\/v2\/pages\/972","targetHints":{"allow":["GET"]}}],"collection":[{"href":"https:\/\/andy82.ch\/index.php?rest_route=\/wp\/v2\/pages"}],"about":[{"href":"https:\/\/andy82.ch\/index.php?rest_route=\/wp\/v2\/types\/page"}],"author":[{"embeddable":true,"href":"https:\/\/andy82.ch\/index.php?rest_route=\/wp\/v2\/users\/4"}],"replies":[{"embeddable":true,"href":"https:\/\/andy82.ch\/index.php?rest_route=%2Fwp%2Fv2%2Fcomments&post=972"}],"version-history":[{"count":8,"href":"https:\/\/andy82.ch\/index.php?rest_route=\/wp\/v2\/pages\/972\/revisions"}],"predecessor-version":[{"id":1224,"href":"https:\/\/andy82.ch\/index.php?rest_route=\/wp\/v2\/pages\/972\/revisions\/1224"}],"wp:attachment":[{"href":"https:\/\/andy82.ch\/index.php?rest_route=%2Fwp%2Fv2%2Fmedia&parent=972"}],"curies":[{"name":"wp","href":"https:\/\/api.w.org\/{rel}","templated":true}]}}